{"id":90,"date":"2020-04-28T18:25:36","date_gmt":"2020-04-28T18:25:36","guid":{"rendered":"https:\/\/pathstoreconciliation.canadiangeographic.ca\/map\/"},"modified":"2020-06-18T11:45:53","modified_gmt":"2020-06-18T15:45:53","slug":"map","status":"publish","type":"page","link":"https:\/\/pathstoreconciliation.canadiangeographic.ca\/fr\/map\/","title":{"rendered":"Map"},"content":{"rendered":"<p>French page <style type=\"text\/css\">\n\t.mpfy-tooltip.mpfy-tooltip-map-8,\n\t.mpfy-tooltip.mpfy-tooltip-map-8 p,\n\t.mpfy-tooltip.mpfy-tooltip-map-8 p strong,\n\t.mpfy-tooltip.mpfy-tooltip-map-8 .mpfy-tooptip-actions a { color: #ffffff; }\n\t.mpfy-map-id-8 .mpfy-mll-location .mpfy-mll-l-buttons a:first-child {\n\t\tbackground-color: #61849c;\n\t\tcolor: #ffffff;\n\t}\n\t.mpfy-map-id-8 .mpfy-mll-location .mpfy-mll-l-buttons a + a {\n\t\tbackground-color: #d2845b;\n\t\tcolor: #ffffff;\n\t}\n\t.mpfy-map-id-8 .mpfy-mll-location .mpfy-mll-l-buttons a:first-child:hover,\n\t.mpfy-map-id-8 .mpfy-mll-location .mpfy-mll-l-buttons a + a:hover {\n\t\tbackground-color: #ffffff;\n\t\tcolor: #000000;\n\t}\n<\/style>\n\n<div id=\"mpfy-map-0\" class=\"mpfy-container mpfy-map-id-8\" data-attrs=\"{&quot;no_search_results&quot;:&quot;&lt;p&gt;No locations were found.&lt;br \\\/&gt;Please search again.&lt;\\\/p&gt;&quot;,&quot;no_search_results_with_closest&quot;:&quot;&lt;p&gt;No locations were found within your search criteria. Please search again.&lt;\\\/p&gt;&lt;p class=\\&quot;mpfy-or-text\\&quot;&gt;Or ... &lt;a href=\\&quot;#\\&quot; class=\\&quot;mpfy-closest-pin\\&quot;&gt;See the Closest Location&lt;\\\/a&gt;&lt;\\\/p&gt;&quot;,&quot;search_geolocation_failure&quot;:&quot;&lt;p&gt;Could not find the entered address.&lt;br \\\/&gt;Please check your spelling and try again.&lt;\\\/p&gt;&quot;}\" data-proprietary=\"[]\">\n\t\n\t\n\t<div class=\"mpfy-controls-wrap\">\n\t\t<div class=\"mpfy-controls mpfy-without-search\">\n\t\t\t<form class=\"mpfy-search-form\" method=\"post\" action=\"\" autocomplete=\"off\" style=\"display: none;\">\n\t\t\t\t<div class=\"mpfy-search-wrap\">\n\n\t\t\t\t\t\n\t<div class=\"mpfy-search-radius\">\n\t\t<div class=\"mpfy-search-radius-label\">Within<\/div>\n\t\t<div class=\"mpfy-selecter-wrap mpfy-search-radius-type-wrap\">\n\t\t\t<select name=\"mpfy_search_radius_type\">\n\t\t\t\t<option value=\"any_within\">Any Within<\/option>\n\t\t\t\t<option value=\"all_within\">All Within<\/option>\n\t\t\t<\/select>\n\t\t<\/div>\n\t\t<div class=\"mpfy-selecter-wrap\">\n\t\t\t<select name=\"mpfy_search_radius\">\n\t\t\t\t\t\t\t\t\t<option value=\"\"> km<\/option>\n\t\t\t\t\t\t\t<\/select>\n\t\t<\/div>\n\t\t<div class=\"mpfy-after-search-radius-label\">of<\/div>\n\t<\/div>\n\t\t\n\n\t\t\t\t\t<div class=\"mpfy-search-field\">\n\n\t\t\t\t\t\t\t\t\t\t\t\t\t<div class=\"mpfy-after-search-radius-label\">of<\/div>\n\t\t\t\t\t\t\n\t\t\t\t\t\t<div class=\"mpfy-search-field-queries\">\n\t\t\t\t\t\t\t<a href=\"javascript:;\" class=\"mpfy-search-field-dropdown-toggle\"><\/a>\n\t\t\t\t\t\t\t<div class=\"mpfy-search-field-multiple-label\">(Multiple)<\/div>\n\t\t\t\t\t\t\t<div class=\"mpfy-search-field-item\">\n\t\t\t\t\t\t\t\t<input type=\"search\" class=\"mpfy-search-input\" autocomplete=\"off\" value=\"\" placeholder=\"Search city or zip code\" \/>\n\t\t\t\t\t\t\t\t<a href=\"javascript:;\" class=\"mpfy-search-field-add-item\">+<\/a>\n\t\t\t\t\t\t\t<\/div>\n\t\t\t\t\t\t<\/div>\n\n\t\t\t\t\t\t<div class=\"mpfy-reset-search-button\" aria-label=\"Reset the search\" data-microtip-position=\"bottom-left\" role=\"tooltip\"><\/div>\n\t\t\t\t\t\t<div class=\"mpfy-search-button\" aria-label=\"Please insert your desired search keywords (minimum 3 characters) to begin the search\" data-microtip-position=\"bottom-left\" data-microtip-size=\"large\" role=\"tooltip\"><\/div>\n\t\t\t\t\t<\/div>\t\t\t\t\t\n\t\t\t\t\t\n\t\t\t\t<\/div>\n\t\t\t<\/form>\n\n\t\t\t<div class=\"mpfy-filter mpfy-selecter-wrap\" style=\"\">\n\t\t\t\t<select name=\"mpfy_tag\" class=\"mpfy-tag-select\">\n\t\t\t\t\t<option value=\"0\">Default View<\/option>\n\n\t\t\t\t\t\t\t\t\t\t\t<option value=\"21\">\u00c9coles confessionnelles<\/option>\t\t\t\t\t\n\t\t\t\t\t\t\t\t\t\t\t<option value=\"22\">Pensionnats d\u2019h\u00f4pitaux<\/option>\t\t\t\t\t\n\t\t\t\t\t\t\t\t\t\t\t<option value=\"28\">Pensionnats de provinces ou de territoires<\/option>\t\t\t\t\t\n\t\t\t\t\t\t\t\t\t\t\t<option value=\"24\">Pensionnats de Terre-Neuve<\/option>\t\t\t\t\t\n\t\t\t\t\t\t\t\t\t\t\t<option value=\"25\">Pensionnats \u00e9tablis apr\u00e8s la Conf\u00e9d\u00e9ration<\/option>\t\t\t\t\t\n\t\t\t\t\t\t\t\t\t\t\t<option value=\"26\">Pensionnats \u00e9tablis avant la Conf\u00e9d\u00e9ration<\/option>\t\t\t\t\t\n\t\t\t\t\t\t\t\t\t\t\t<option value=\"23\">Pensionnats m\u00e9tis<\/option>\t\t\t\t\t\n\t\t\t\t\t\t\t\t\t\t\t<option value=\"27\">Pensionnats priv\u00e9s<\/option>\t\t\t\t\t\n\t\t\t\t\t\t\t\t\t\t\t<option value=\"29\">R\u00e9cits de survivants et exp\u00e9riences collectives<\/option>\t\t\t\t\t\n\t\t\t\t\t\t\t\t\t\n\t\t\t\t<\/select>\n\t\t\t<\/div>\n\t\t<\/div>\n\t<\/div>\n\n\t<div class=\"mpfy-map-canvas-shell-outer mpfy-mode-image with-controls\">\n\t\t<div style=\"display: none;\">\n\t\t\n\t\t\t\n\t\t<\/div>\n\n\t\t<div class=\"mpfy-map-canvas-shell\">\n\t\t\t<div id=\"mpfy-canvas-0\" class=\"mpfy-map-canvas\" style=\"overflow: hidden; height: 500px\"><\/div>\n\t\t\t<div class=\"mpfy-map-controls\">\n\n\t\t\t\t\n\t\t\t\t\n\t\t\t\t\t<div class=\"mpfy-zoom\">\n\t\t\t\t\t\t<a href=\"#\" class=\"mpfy-zoom-in\"><\/a>\n\t\t\t\t\t\t<a href=\"#\" class=\"mpfy-zoom-out\"><\/a>\n\t\t\t\t\t<\/div><!-- \/.mpfy-zoom -->\n\n\t\t\t\t\n\t\t\t<\/div><!-- \/.mpfy-map-controls -->\n\t\t<\/div>\n\n\t\t\n\t\t\t<div class=\"mpfy-tags-list\">\n\t\t\t\t<div class=\"cl\">&nbsp;<\/div>\n\t\t\t\t<a href=\"#\" class=\"mpfy-tl-item tag-all\" data-mapify-map-id=\"8\" data-mapify-action=\"toggleMapTag\" data-mapify-value=\"0\">\n\t\t\t\t\t<span class=\"mpfy-tl-i-icon\">\n\t\t\t\t\t\t<span class=\"mpfy-tl-i-icon-default\"><\/span>\n\t\t\t\t\t<\/span>\n\n\t\t\t\t\t<em>\n\t\t\t\t\t\tClick to reset map\t\t\t\t\t<\/em>\n\t\t\t\t<\/a>\n\n\t\t\t\t\n\t\t\t\t\t<a href=\"#\" class=\"mpfy-tl-item\" data-mapify-map-id=\"8\" data-mapify-action=\"toggleMapTag\" data-mapify-value=\"21\">\n\t\t\t\t\t\t\n\t\t\t\t\t\t\n\t\t\t\t\t\t\t<span class=\"mpfy-tl-i-icon\" style=\"background: none;\">\n\t\t\t\t\t\t\t\t<img loading=\"lazy\" decoding=\"async\" width=\"27\" height=\"27\" src=\"https:\/\/pathstoreconciliation.canadiangeographic.ca\/wp-content\/uploads\/2020\/06\/denominationalschools-27x27.png\" class=\"attachment-mpfy_location_tag size-mpfy_location_tag\" alt=\"\" srcset=\"https:\/\/pathstoreconciliation.canadiangeographic.ca\/wp-content\/uploads\/2020\/06\/denominationalschools-27x27.png 27w, https:\/\/pathstoreconciliation.canadiangeographic.ca\/wp-content\/uploads\/2020\/06\/denominationalschools.png 31w\" sizes=\"auto, (max-width: 27px) 100vw, 27px\" data-attachment-id=\"109\" data-permalink=\"https:\/\/pathstoreconciliation.canadiangeographic.ca\/fr\/?attachment_id=109\" data-orig-file=\"https:\/\/pathstoreconciliation.canadiangeographic.ca\/wp-content\/uploads\/2020\/06\/denominationalschools.png\" data-orig-size=\"31,31\" data-comments-opened=\"1\" data-image-meta=\"{&quot;aperture&quot;:&quot;0&quot;,&quot;credit&quot;:&quot;&quot;,&quot;camera&quot;:&quot;&quot;,&quot;caption&quot;:&quot;&quot;,&quot;created_timestamp&quot;:&quot;0&quot;,&quot;copyright&quot;:&quot;&quot;,&quot;focal_length&quot;:&quot;0&quot;,&quot;iso&quot;:&quot;0&quot;,&quot;shutter_speed&quot;:&quot;0&quot;,&quot;title&quot;:&quot;&quot;,&quot;orientation&quot;:&quot;0&quot;}\" data-image-title=\"denominationalschools\" data-image-description=\"\" data-image-caption=\"\" data-medium-file=\"https:\/\/pathstoreconciliation.canadiangeographic.ca\/wp-content\/uploads\/2020\/06\/denominationalschools.png\" data-large-file=\"https:\/\/pathstoreconciliation.canadiangeographic.ca\/wp-content\/uploads\/2020\/06\/denominationalschools.png\" \/>\t\t\t\t\t\t\t<\/span>\n\n\t\t\t\t\t\t\n\t\t\t\t\t\t<em>\n\t\t\t\t\t\t\t\u00c9coles confessionnelles\t\t\t\t\t\t<\/em>\n\t\t\t\t\t<\/a>\n\t\t\t\n\t\t\t\t\t\n\t\t\t\t\t<a href=\"#\" class=\"mpfy-tl-item\" data-mapify-map-id=\"8\" data-mapify-action=\"toggleMapTag\" data-mapify-value=\"22\">\n\t\t\t\t\t\t\n\t\t\t\t\t\t\n\t\t\t\t\t\t\t<span class=\"mpfy-tl-i-icon\" style=\"background: none;\">\n\t\t\t\t\t\t\t\t<img loading=\"lazy\" decoding=\"async\" width=\"27\" height=\"27\" src=\"https:\/\/pathstoreconciliation.canadiangeographic.ca\/wp-content\/uploads\/2020\/06\/hospitalschools-27x27.png\" class=\"attachment-mpfy_location_tag size-mpfy_location_tag\" alt=\"\" srcset=\"https:\/\/pathstoreconciliation.canadiangeographic.ca\/wp-content\/uploads\/2020\/06\/hospitalschools-27x27.png 27w, https:\/\/pathstoreconciliation.canadiangeographic.ca\/wp-content\/uploads\/2020\/06\/hospitalschools.png 31w\" sizes=\"auto, (max-width: 27px) 100vw, 27px\" data-attachment-id=\"111\" data-permalink=\"https:\/\/pathstoreconciliation.canadiangeographic.ca\/fr\/?attachment_id=111\" data-orig-file=\"https:\/\/pathstoreconciliation.canadiangeographic.ca\/wp-content\/uploads\/2020\/06\/hospitalschools.png\" data-orig-size=\"31,31\" data-comments-opened=\"1\" data-image-meta=\"{&quot;aperture&quot;:&quot;0&quot;,&quot;credit&quot;:&quot;&quot;,&quot;camera&quot;:&quot;&quot;,&quot;caption&quot;:&quot;&quot;,&quot;created_timestamp&quot;:&quot;0&quot;,&quot;copyright&quot;:&quot;&quot;,&quot;focal_length&quot;:&quot;0&quot;,&quot;iso&quot;:&quot;0&quot;,&quot;shutter_speed&quot;:&quot;0&quot;,&quot;title&quot;:&quot;&quot;,&quot;orientation&quot;:&quot;0&quot;}\" data-image-title=\"hospitalschools\" data-image-description=\"\" data-image-caption=\"\" data-medium-file=\"https:\/\/pathstoreconciliation.canadiangeographic.ca\/wp-content\/uploads\/2020\/06\/hospitalschools.png\" data-large-file=\"https:\/\/pathstoreconciliation.canadiangeographic.ca\/wp-content\/uploads\/2020\/06\/hospitalschools.png\" \/>\t\t\t\t\t\t\t<\/span>\n\n\t\t\t\t\t\t\n\t\t\t\t\t\t<em>\n\t\t\t\t\t\t\tPensionnats d\u2019h\u00f4pitaux\t\t\t\t\t\t<\/em>\n\t\t\t\t\t<\/a>\n\t\t\t\n\t\t\t\t\t\n\t\t\t\t\t<a href=\"#\" class=\"mpfy-tl-item\" data-mapify-map-id=\"8\" data-mapify-action=\"toggleMapTag\" data-mapify-value=\"28\">\n\t\t\t\t\t\t\n\t\t\t\t\t\t\n\t\t\t\t\t\t\t<span class=\"mpfy-tl-i-icon\" style=\"background: none;\">\n\t\t\t\t\t\t\t\t<img loading=\"lazy\" decoding=\"async\" width=\"27\" height=\"27\" src=\"https:\/\/pathstoreconciliation.canadiangeographic.ca\/wp-content\/uploads\/2020\/06\/provincialorterritorialschools-27x27.png\" class=\"attachment-mpfy_location_tag size-mpfy_location_tag\" alt=\"\" srcset=\"https:\/\/pathstoreconciliation.canadiangeographic.ca\/wp-content\/uploads\/2020\/06\/provincialorterritorialschools-27x27.png 27w, https:\/\/pathstoreconciliation.canadiangeographic.ca\/wp-content\/uploads\/2020\/06\/provincialorterritorialschools.png 31w\" sizes=\"auto, (max-width: 27px) 100vw, 27px\" data-attachment-id=\"107\" data-permalink=\"https:\/\/pathstoreconciliation.canadiangeographic.ca\/fr\/?attachment_id=107\" data-orig-file=\"https:\/\/pathstoreconciliation.canadiangeographic.ca\/wp-content\/uploads\/2020\/06\/provincialorterritorialschools.png\" data-orig-size=\"31,31\" data-comments-opened=\"1\" data-image-meta=\"{&quot;aperture&quot;:&quot;0&quot;,&quot;credit&quot;:&quot;&quot;,&quot;camera&quot;:&quot;&quot;,&quot;caption&quot;:&quot;&quot;,&quot;created_timestamp&quot;:&quot;0&quot;,&quot;copyright&quot;:&quot;&quot;,&quot;focal_length&quot;:&quot;0&quot;,&quot;iso&quot;:&quot;0&quot;,&quot;shutter_speed&quot;:&quot;0&quot;,&quot;title&quot;:&quot;&quot;,&quot;orientation&quot;:&quot;0&quot;}\" data-image-title=\"provincialorterritorialschools\" data-image-description=\"\" data-image-caption=\"\" data-medium-file=\"https:\/\/pathstoreconciliation.canadiangeographic.ca\/wp-content\/uploads\/2020\/06\/provincialorterritorialschools.png\" data-large-file=\"https:\/\/pathstoreconciliation.canadiangeographic.ca\/wp-content\/uploads\/2020\/06\/provincialorterritorialschools.png\" \/>\t\t\t\t\t\t\t<\/span>\n\n\t\t\t\t\t\t\n\t\t\t\t\t\t<em>\n\t\t\t\t\t\t\tPensionnats de provinces ou de territoires\t\t\t\t\t\t<\/em>\n\t\t\t\t\t<\/a>\n\t\t\t\n\t\t\t\t\t\n\t\t\t\t\t<a href=\"#\" class=\"mpfy-tl-item\" data-mapify-map-id=\"8\" data-mapify-action=\"toggleMapTag\" data-mapify-value=\"24\">\n\t\t\t\t\t\t\n\t\t\t\t\t\t\n\t\t\t\t\t\t\t<span class=\"mpfy-tl-i-icon\" style=\"background: none;\">\n\t\t\t\t\t\t\t\t<img loading=\"lazy\" decoding=\"async\" width=\"27\" height=\"27\" src=\"https:\/\/pathstoreconciliation.canadiangeographic.ca\/wp-content\/uploads\/2020\/06\/newfoundlandschools-27x27.png\" class=\"attachment-mpfy_location_tag size-mpfy_location_tag\" alt=\"\" srcset=\"https:\/\/pathstoreconciliation.canadiangeographic.ca\/wp-content\/uploads\/2020\/06\/newfoundlandschools-27x27.png 27w, https:\/\/pathstoreconciliation.canadiangeographic.ca\/wp-content\/uploads\/2020\/06\/newfoundlandschools.png 31w\" sizes=\"auto, (max-width: 27px) 100vw, 27px\" data-attachment-id=\"115\" data-permalink=\"https:\/\/pathstoreconciliation.canadiangeographic.ca\/fr\/?attachment_id=115\" data-orig-file=\"https:\/\/pathstoreconciliation.canadiangeographic.ca\/wp-content\/uploads\/2020\/06\/newfoundlandschools.png\" data-orig-size=\"31,31\" data-comments-opened=\"1\" data-image-meta=\"{&quot;aperture&quot;:&quot;0&quot;,&quot;credit&quot;:&quot;&quot;,&quot;camera&quot;:&quot;&quot;,&quot;caption&quot;:&quot;&quot;,&quot;created_timestamp&quot;:&quot;0&quot;,&quot;copyright&quot;:&quot;&quot;,&quot;focal_length&quot;:&quot;0&quot;,&quot;iso&quot;:&quot;0&quot;,&quot;shutter_speed&quot;:&quot;0&quot;,&quot;title&quot;:&quot;&quot;,&quot;orientation&quot;:&quot;0&quot;}\" data-image-title=\"newfoundlandschools\" data-image-description=\"\" data-image-caption=\"\" data-medium-file=\"https:\/\/pathstoreconciliation.canadiangeographic.ca\/wp-content\/uploads\/2020\/06\/newfoundlandschools.png\" data-large-file=\"https:\/\/pathstoreconciliation.canadiangeographic.ca\/wp-content\/uploads\/2020\/06\/newfoundlandschools.png\" \/>\t\t\t\t\t\t\t<\/span>\n\n\t\t\t\t\t\t\n\t\t\t\t\t\t<em>\n\t\t\t\t\t\t\tPensionnats de Terre-Neuve\t\t\t\t\t\t<\/em>\n\t\t\t\t\t<\/a>\n\t\t\t\n\t\t\t\t\t\n\t\t\t\t\t<a href=\"#\" class=\"mpfy-tl-item\" data-mapify-map-id=\"8\" data-mapify-action=\"toggleMapTag\" data-mapify-value=\"25\">\n\t\t\t\t\t\t\n\t\t\t\t\t\t\n\t\t\t\t\t\t\t<span class=\"mpfy-tl-i-icon\" style=\"background: none;\">\n\t\t\t\t\t\t\t\t<img loading=\"lazy\" decoding=\"async\" width=\"27\" height=\"27\" src=\"https:\/\/pathstoreconciliation.canadiangeographic.ca\/wp-content\/uploads\/2020\/07\/scottdontdeleteme-27x27.png\" class=\"attachment-mpfy_location_tag size-mpfy_location_tag\" alt=\"\" srcset=\"https:\/\/pathstoreconciliation.canadiangeographic.ca\/wp-content\/uploads\/2020\/07\/scottdontdeleteme-27x27.png 27w, https:\/\/pathstoreconciliation.canadiangeographic.ca\/wp-content\/uploads\/2020\/07\/scottdontdeleteme.png 31w\" sizes=\"auto, (max-width: 27px) 100vw, 27px\" data-attachment-id=\"139\" data-permalink=\"https:\/\/pathstoreconciliation.canadiangeographic.ca\/fr\/?attachment_id=139\" data-orig-file=\"https:\/\/pathstoreconciliation.canadiangeographic.ca\/wp-content\/uploads\/2020\/07\/scottdontdeleteme.png\" data-orig-size=\"31,31\" data-comments-opened=\"1\" data-image-meta=\"{&quot;aperture&quot;:&quot;0&quot;,&quot;credit&quot;:&quot;&quot;,&quot;camera&quot;:&quot;&quot;,&quot;caption&quot;:&quot;&quot;,&quot;created_timestamp&quot;:&quot;0&quot;,&quot;copyright&quot;:&quot;&quot;,&quot;focal_length&quot;:&quot;0&quot;,&quot;iso&quot;:&quot;0&quot;,&quot;shutter_speed&quot;:&quot;0&quot;,&quot;title&quot;:&quot;&quot;,&quot;orientation&quot;:&quot;0&quot;}\" data-image-title=\"scottdontdeleteme\" data-image-description=\"\" data-image-caption=\"\" data-medium-file=\"https:\/\/pathstoreconciliation.canadiangeographic.ca\/wp-content\/uploads\/2020\/07\/scottdontdeleteme.png\" data-large-file=\"https:\/\/pathstoreconciliation.canadiangeographic.ca\/wp-content\/uploads\/2020\/07\/scottdontdeleteme.png\" \/>\t\t\t\t\t\t\t<\/span>\n\n\t\t\t\t\t\t\n\t\t\t\t\t\t<em>\n\t\t\t\t\t\t\tPensionnats \u00e9tablis apr\u00e8s la Conf\u00e9d\u00e9ration\t\t\t\t\t\t<\/em>\n\t\t\t\t\t<\/a>\n\t\t\t\n\t\t\t\t\t\n\t\t\t\t\t<a href=\"#\" class=\"mpfy-tl-item\" data-mapify-map-id=\"8\" data-mapify-action=\"toggleMapTag\" data-mapify-value=\"26\">\n\t\t\t\t\t\t\n\t\t\t\t\t\t\n\t\t\t\t\t\t\t<span class=\"mpfy-tl-i-icon\" style=\"background: none;\">\n\t\t\t\t\t\t\t\t<img loading=\"lazy\" decoding=\"async\" width=\"27\" height=\"27\" src=\"https:\/\/pathstoreconciliation.canadiangeographic.ca\/wp-content\/uploads\/2020\/06\/preconfederationschools-27x27.png\" class=\"attachment-mpfy_location_tag size-mpfy_location_tag\" alt=\"\" srcset=\"https:\/\/pathstoreconciliation.canadiangeographic.ca\/wp-content\/uploads\/2020\/06\/preconfederationschools-27x27.png 27w, https:\/\/pathstoreconciliation.canadiangeographic.ca\/wp-content\/uploads\/2020\/06\/preconfederationschools.png 31w\" sizes=\"auto, (max-width: 27px) 100vw, 27px\" data-attachment-id=\"103\" data-permalink=\"https:\/\/pathstoreconciliation.canadiangeographic.ca\/fr\/?attachment_id=103\" data-orig-file=\"https:\/\/pathstoreconciliation.canadiangeographic.ca\/wp-content\/uploads\/2020\/06\/preconfederationschools.png\" data-orig-size=\"31,31\" data-comments-opened=\"1\" data-image-meta=\"{&quot;aperture&quot;:&quot;0&quot;,&quot;credit&quot;:&quot;&quot;,&quot;camera&quot;:&quot;&quot;,&quot;caption&quot;:&quot;&quot;,&quot;created_timestamp&quot;:&quot;0&quot;,&quot;copyright&quot;:&quot;&quot;,&quot;focal_length&quot;:&quot;0&quot;,&quot;iso&quot;:&quot;0&quot;,&quot;shutter_speed&quot;:&quot;0&quot;,&quot;title&quot;:&quot;&quot;,&quot;orientation&quot;:&quot;0&quot;}\" data-image-title=\"preconfederationschools\" data-image-description=\"\" data-image-caption=\"\" data-medium-file=\"https:\/\/pathstoreconciliation.canadiangeographic.ca\/wp-content\/uploads\/2020\/06\/preconfederationschools.png\" data-large-file=\"https:\/\/pathstoreconciliation.canadiangeographic.ca\/wp-content\/uploads\/2020\/06\/preconfederationschools.png\" \/>\t\t\t\t\t\t\t<\/span>\n\n\t\t\t\t\t\t\n\t\t\t\t\t\t<em>\n\t\t\t\t\t\t\tPensionnats \u00e9tablis avant la Conf\u00e9d\u00e9ration\t\t\t\t\t\t<\/em>\n\t\t\t\t\t<\/a>\n\t\t\t\n\t\t\t\t\t\n\t\t\t\t\t<a href=\"#\" class=\"mpfy-tl-item\" data-mapify-map-id=\"8\" data-mapify-action=\"toggleMapTag\" data-mapify-value=\"23\">\n\t\t\t\t\t\t\n\t\t\t\t\t\t\n\t\t\t\t\t\t\t<span class=\"mpfy-tl-i-icon\" style=\"background: none;\">\n\t\t\t\t\t\t\t\t<img loading=\"lazy\" decoding=\"async\" width=\"27\" height=\"27\" src=\"https:\/\/pathstoreconciliation.canadiangeographic.ca\/wp-content\/uploads\/2020\/06\/metisschools-27x27.png\" class=\"attachment-mpfy_location_tag size-mpfy_location_tag\" alt=\"\" srcset=\"https:\/\/pathstoreconciliation.canadiangeographic.ca\/wp-content\/uploads\/2020\/06\/metisschools-27x27.png 27w, https:\/\/pathstoreconciliation.canadiangeographic.ca\/wp-content\/uploads\/2020\/06\/metisschools.png 31w\" sizes=\"auto, (max-width: 27px) 100vw, 27px\" data-attachment-id=\"113\" data-permalink=\"https:\/\/pathstoreconciliation.canadiangeographic.ca\/fr\/?attachment_id=113\" data-orig-file=\"https:\/\/pathstoreconciliation.canadiangeographic.ca\/wp-content\/uploads\/2020\/06\/metisschools.png\" data-orig-size=\"31,31\" data-comments-opened=\"1\" data-image-meta=\"{&quot;aperture&quot;:&quot;0&quot;,&quot;credit&quot;:&quot;&quot;,&quot;camera&quot;:&quot;&quot;,&quot;caption&quot;:&quot;&quot;,&quot;created_timestamp&quot;:&quot;0&quot;,&quot;copyright&quot;:&quot;&quot;,&quot;focal_length&quot;:&quot;0&quot;,&quot;iso&quot;:&quot;0&quot;,&quot;shutter_speed&quot;:&quot;0&quot;,&quot;title&quot;:&quot;&quot;,&quot;orientation&quot;:&quot;0&quot;}\" data-image-title=\"metisschools\" data-image-description=\"\" data-image-caption=\"\" data-medium-file=\"https:\/\/pathstoreconciliation.canadiangeographic.ca\/wp-content\/uploads\/2020\/06\/metisschools.png\" data-large-file=\"https:\/\/pathstoreconciliation.canadiangeographic.ca\/wp-content\/uploads\/2020\/06\/metisschools.png\" \/>\t\t\t\t\t\t\t<\/span>\n\n\t\t\t\t\t\t\n\t\t\t\t\t\t<em>\n\t\t\t\t\t\t\tPensionnats m\u00e9tis\t\t\t\t\t\t<\/em>\n\t\t\t\t\t<\/a>\n\t\t\t\n\t\t\t\t\t\n\t\t\t\t\t<a href=\"#\" class=\"mpfy-tl-item\" data-mapify-map-id=\"8\" data-mapify-action=\"toggleMapTag\" data-mapify-value=\"27\">\n\t\t\t\t\t\t\n\t\t\t\t\t\t\n\t\t\t\t\t\t\t<span class=\"mpfy-tl-i-icon\" style=\"background: none;\">\n\t\t\t\t\t\t\t\t<img loading=\"lazy\" decoding=\"async\" width=\"27\" height=\"27\" src=\"https:\/\/pathstoreconciliation.canadiangeographic.ca\/wp-content\/uploads\/2020\/06\/privateschools-27x27.png\" class=\"attachment-mpfy_location_tag size-mpfy_location_tag\" alt=\"\" srcset=\"https:\/\/pathstoreconciliation.canadiangeographic.ca\/wp-content\/uploads\/2020\/06\/privateschools-27x27.png 27w, https:\/\/pathstoreconciliation.canadiangeographic.ca\/wp-content\/uploads\/2020\/06\/privateschools.png 31w\" sizes=\"auto, (max-width: 27px) 100vw, 27px\" data-attachment-id=\"105\" data-permalink=\"https:\/\/pathstoreconciliation.canadiangeographic.ca\/fr\/?attachment_id=105\" data-orig-file=\"https:\/\/pathstoreconciliation.canadiangeographic.ca\/wp-content\/uploads\/2020\/06\/privateschools.png\" data-orig-size=\"31,31\" data-comments-opened=\"1\" data-image-meta=\"{&quot;aperture&quot;:&quot;0&quot;,&quot;credit&quot;:&quot;&quot;,&quot;camera&quot;:&quot;&quot;,&quot;caption&quot;:&quot;&quot;,&quot;created_timestamp&quot;:&quot;0&quot;,&quot;copyright&quot;:&quot;&quot;,&quot;focal_length&quot;:&quot;0&quot;,&quot;iso&quot;:&quot;0&quot;,&quot;shutter_speed&quot;:&quot;0&quot;,&quot;title&quot;:&quot;&quot;,&quot;orientation&quot;:&quot;0&quot;}\" data-image-title=\"privateschools\" data-image-description=\"\" data-image-caption=\"\" data-medium-file=\"https:\/\/pathstoreconciliation.canadiangeographic.ca\/wp-content\/uploads\/2020\/06\/privateschools.png\" data-large-file=\"https:\/\/pathstoreconciliation.canadiangeographic.ca\/wp-content\/uploads\/2020\/06\/privateschools.png\" \/>\t\t\t\t\t\t\t<\/span>\n\n\t\t\t\t\t\t\n\t\t\t\t\t\t<em>\n\t\t\t\t\t\t\tPensionnats priv\u00e9s\t\t\t\t\t\t<\/em>\n\t\t\t\t\t<\/a>\n\t\t\t\n\t\t\t\t\t\n\t\t\t\t\t<a href=\"#\" class=\"mpfy-tl-item\" data-mapify-map-id=\"8\" data-mapify-action=\"toggleMapTag\" data-mapify-value=\"29\">\n\t\t\t\t\t\t\n\t\t\t\t\t\t\n\t\t\t\t\t\t\t<span class=\"mpfy-tl-i-icon\" style=\"background: none;\">\n\t\t\t\t\t\t\t\t<img loading=\"lazy\" decoding=\"async\" width=\"31\" height=\"23\" src=\"https:\/\/pathstoreconciliation.canadiangeographic.ca\/wp-content\/uploads\/2022\/09\/quote-31x23.png\" class=\"attachment-mpfy_location_tag size-mpfy_location_tag\" alt=\"\" srcset=\"https:\/\/pathstoreconciliation.canadiangeographic.ca\/wp-content\/uploads\/2022\/09\/quote-31x23.png 31w, https:\/\/pathstoreconciliation.canadiangeographic.ca\/wp-content\/uploads\/2022\/09\/quote.png 96w\" sizes=\"auto, (max-width: 31px) 100vw, 31px\" data-attachment-id=\"1546\" data-permalink=\"https:\/\/pathstoreconciliation.canadiangeographic.ca\/fr\/quote-2\/\" data-orig-file=\"https:\/\/pathstoreconciliation.canadiangeographic.ca\/wp-content\/uploads\/2022\/09\/quote.png\" data-orig-size=\"96,70\" data-comments-opened=\"1\" data-image-meta=\"{&quot;aperture&quot;:&quot;0&quot;,&quot;credit&quot;:&quot;&quot;,&quot;camera&quot;:&quot;&quot;,&quot;caption&quot;:&quot;&quot;,&quot;created_timestamp&quot;:&quot;0&quot;,&quot;copyright&quot;:&quot;&quot;,&quot;focal_length&quot;:&quot;0&quot;,&quot;iso&quot;:&quot;0&quot;,&quot;shutter_speed&quot;:&quot;0&quot;,&quot;title&quot;:&quot;&quot;,&quot;orientation&quot;:&quot;0&quot;}\" data-image-title=\"quote\" data-image-description=\"\" data-image-caption=\"\" data-medium-file=\"https:\/\/pathstoreconciliation.canadiangeographic.ca\/wp-content\/uploads\/2022\/09\/quote.png\" data-large-file=\"https:\/\/pathstoreconciliation.canadiangeographic.ca\/wp-content\/uploads\/2022\/09\/quote.png\" \/>\t\t\t\t\t\t\t<\/span>\n\n\t\t\t\t\t\t\n\t\t\t\t\t\t<em>\n\t\t\t\t\t\t\tR\u00e9cits de survivants et exp\u00e9riences collectives\t\t\t\t\t\t<\/em>\n\t\t\t\t\t<\/a>\n\t\t\t\n\t\t\t\t\t\n\t\t\t\t<div class=\"cl\">&nbsp;<\/div>\n\t\t\t<\/div>\n\n\t\t\n\t\t\t<\/div>\n\n\t\n<\/div>\n<\/p>\n","protected":false},"excerpt":{"rendered":"<p>French page<\/p>\n","protected":false},"author":1,"featured_media":0,"parent":0,"menu_order":0,"comment_status":"closed","ping_status":"closed","template":"","meta":{"_acf_changed":false,"footnotes":""},"class_list":["post-90","page","type-page","status-publish","hentry"],"acf":[],"jetpack_sharing_enabled":true,"_links":{"self":[{"href":"https:\/\/pathstoreconciliation.canadiangeographic.ca\/fr\/wp-json\/wp\/v2\/pages\/90","targetHints":{"allow":["GET"]}}],"collection":[{"href":"https:\/\/pathstoreconciliation.canadiangeographic.ca\/fr\/wp-json\/wp\/v2\/pages"}],"about":[{"href":"https:\/\/pathstoreconciliation.canadiangeographic.ca\/fr\/wp-json\/wp\/v2\/types\/page"}],"author":[{"embeddable":true,"href":"https:\/\/pathstoreconciliation.canadiangeographic.ca\/fr\/wp-json\/wp\/v2\/users\/1"}],"replies":[{"embeddable":true,"href":"https:\/\/pathstoreconciliation.canadiangeographic.ca\/fr\/wp-json\/wp\/v2\/comments?post=90"}],"version-history":[{"count":0,"href":"https:\/\/pathstoreconciliation.canadiangeographic.ca\/fr\/wp-json\/wp\/v2\/pages\/90\/revisions"}],"wp:attachment":[{"href":"https:\/\/pathstoreconciliation.canadiangeographic.ca\/fr\/wp-json\/wp\/v2\/media?parent=90"}],"curies":[{"name":"wp","href":"https:\/\/api.w.org\/{rel}","templated":true}]}}